{"id":2986,"date":"2021-01-22T11:52:31","date_gmt":"2021-01-22T10:52:31","guid":{"rendered":"https:\/\/www.magnumviaggistudio.it\/?post_type=product&#038;p=2986"},"modified":"2021-01-22T15:15:16","modified_gmt":"2021-01-22T14:15:16","slug":"rome-city-break","status":"publish","type":"product","link":"https:\/\/www.magnumviaggistudio.it\/en\/tour\/rome-city-break\/","title":{"rendered":"Exclusive Rome City Break"},"content":{"rendered":"<p>[vc_row][vc_column][vc_text_separator title=&#8221;About the Tour&#8221; i_type=&#8221;entypo&#8221; i_icon_entypo=&#8221;entypo-icon entypo-icon-info&#8221; i_color=&#8221;custom&#8221; i_size=&#8221;sm&#8221; title_align=&#8221;separator_align_left&#8221; align=&#8221;align_left&#8221; color=&#8221;custom&#8221; add_icon=&#8221;true&#8221; accent_color=&#8221;#bc8f8f&#8221; i_custom_color=&#8221;#bc8f8f&#8221;][\/vc_column][\/vc_row][vc_row][vc_column][vc_column_text]Una straordinaria Vacanza Romana che ti far\u00e0 vivere emozioni uniche.<br \/>\nVivi Roma in tutta la sua bellezza, Galleria d\u2019Arte, Concerti di Musica all\u2019Aperto, indimenticabili passeggiate alla scoperta di Sapori Autentici.<\/p>\n<p><b>Programma<\/b><\/p>\n<p><b>Giorno 1<br \/>\n<\/b>Arrivo in hotel in posizione centrale.<br \/>\nIl nostro Tour Manager ti accoglier\u00e0 con uno speciale benvenuto gustoso per un inizio speciale della tua vacanza a Roma.A seconda dell&#8217;orario di arrivo, progetteremo un itinerario personalizzato per la tua visita speciale a Roma.Forse fai un salto in Vaticano per vedere la nativit\u00e0 e l&#8217;eccezionale albero di Natale in piazza San PietroCena libera. All&#8217;arrivo verr\u00e0 fornito un elenco speciale dei migliori ristoranti e deliziosi locali. Con l&#8217;assistenza e i suggerimenti del nostro tour manager avrai il tuo tavolo riservato per una speciale cena di benvenuto a Roma.<br \/>\nPernottamento in Hotel a Roma.<\/p>\n<p><b>Giorno 2<br \/>\n<\/b>Colazione in Hotel.<br \/>\nDopo la colazione inizia il tuo shopping natalizio, negozi fantastici per vivere la magica atmosfera della citt\u00e0. Inizia dall&#8217;elegante quartiere con costose boutique intorno a Piazza di Spagna, ma non dimenticare il mercato di Testaccio all&#8217;ora di pranzo. Uno dei posti migliori per assaggiare l&#8217;eccellente cibo di strada, dai panini con i carciofi e gli stufati di trippa, alla pasta fresca e alle birre artigianali. Tra le bancarelle di cibo si possono fare affari speciali presso le bancarelle di cuoio e scarpe che i locali conoscono molto bene. Nel pomeriggio possibilit\u00e0 di fare un tour speciale dell&#8217;Antica Roma una bella passeggiata lungo i Fori Imperiali da &#8220;Piazza del Campidoglio&#8221; al Colosseo il pi\u00f9 grande anfiteatro mai costruito, per ospitare battaglie di gladiatori, caccia di animali, esecuzioni e persino battaglie navali, quando l&#8217;arena sarebbe stata riempita d&#8217;acqua e navi.<br \/>\nA cena libera potrete provare stasera una delle tante pizzerie di Trastevere.<br \/>\nPernottamento in Hotel a Roma.<\/p>\n<p><b>3 \u00b0 giorno<br \/>\n<\/b>Colazione in Hotel.<br \/>\nDopo la colazione tempo libero per partecipare a un ampio tour del Vaticano con una guida locale esperta: dal Castello dell&#8217;Angelo, cammina fino ai Musei Vaticani e scopri le sue gallerie lussureggianti con migliaia di sculture antiche, le Stanze di Raffaello e, naturalmente, gli affreschi di Michelangelo nella Cappella Sistina .<br \/>\nDopo aver visitato i Musei Vaticani e la Cappella Sistina, puoi raggiungere l&#8217;edificio religioso pi\u00f9 importante della Citt\u00e0 del Vaticano e del mondo, la Basilica di San Pietro. Puoi vedere il luogo di sepoltura di San Pietro, la Piet\u00e0 di Michelangelo e la straordinaria architettura di questa chiesa in tutto il suo splendore!<br \/>\nPossibilit\u00e0 di scendere nella Necropoli Vaticana, situata sotto la Basilica di San Pietro. Completa la tua visita del Vaticano nella magnifica piazza San Pietro progettata dal genio di Gian Lorenzo Bernini.<br \/>\nA quel punto di questo memorabile tour privato la tua guida ti mostrer\u00e0 la strada per Piazza Navona dove potrai goderti il \u200b\u200btempo libero esplorando il suo tradizionale mercatino di Natale, le bancarelle che vendono dolci e pasticcini tradizionali natalizi o decorazioni natalizie per il tuo albero di Natale o nuovi pezzi per la nativit\u00e0 che a tutti i locali piace avere nelle loro case. Non perdere l&#8217;occasione di fare una fotografia con Babbo Natale, un&#8217;altra tradizione dei romani.<br \/>\nDi conseguenza con il tuo appuntamento per l&#8217;orario di partenza con il nostro autista in hotel per il tuo trasferimento privato all&#8217;aeroporto o alla stazione ferroviaria per un viaggio sicuro di ritorno a casa.[\/vc_column_text][vc_text_separator title=&#8221;What&#8217;s included&#8221; i_type=&#8221;entypo&#8221; i_icon_entypo=&#8221;entypo-icon entypo-icon-check&#8221; i_color=&#8221;custom&#8221; i_size=&#8221;sm&#8221; title_align=&#8221;separator_align_left&#8221; align=&#8221;align_left&#8221; color=&#8221;custom&#8221; add_icon=&#8221;true&#8221; accent_color=&#8221;#bc8f8f&#8221; i_custom_color=&#8221;#bc8f8f&#8221;][vc_column_text]<\/p>\n<p><i class=\"fa fa-check icon-tick icon-tick--on\"><\/i>\u00a02 nights at 4* centrally located Hotel in Rome<\/p>\n<p><i class=\"fa fa-check icon-tick icon-tick--on\"><\/i>\u00a01 private guided tour of the Vatican Museums and Sistine Chapel<\/p>\n<p><i class=\"fa fa-check icon-tick icon-tick--on\"><\/i> Tour Manager for a complete assistance from arrival till departure<\/p>\n<p><i class=\"fa fa-check icon-tick icon-tick--on\"><\/i> Map of the city<\/p>\n<p>[\/vc_column_text][\/vc_column][\/vc_row][vc_row][vc_column][vc_text_separator title=&#8221;What&#8217;s NOT included&#8221; i_type=&#8221;entypo&#8221; i_icon_entypo=&#8221;entypo-icon entypo-icon-cancel-circled&#8221; i_color=&#8221;custom&#8221; i_size=&#8221;sm&#8221; title_align=&#8221;separator_align_left&#8221; align=&#8221;align_left&#8221; color=&#8221;custom&#8221; add_icon=&#8221;true&#8221; accent_color=&#8221;#bc8f8f&#8221; i_custom_color=&#8221;#bc8f8f&#8221;][vc_column_text]<\/p>\n<p><i class=\"fa fa-times icon-tick icon-tick--off\"><\/i>\u00a0Transportation (flight or train quote upon request)<\/p>\n<p><i class=\"fa fa-times icon-tick icon-tick--off\"><\/i>\u00a0Transfer from\/to airport or train station (quotation upon request)<\/p>\n<p><i class=\"fa fa-times icon-tick icon-tick--off\"><\/i>\u00a0All not listed in &#8220;what is included&#8221;<\/p>\n<p>[\/vc_column_text][\/vc_column][\/vc_row][vc_row][vc_column][vc_text_separator title=&#8221;Gallery&#8221; i_type=&#8221;entypo&#8221; i_icon_entypo=&#8221;entypo-icon entypo-icon-picture&#8221; i_color=&#8221;custom&#8221; i_size=&#8221;sm&#8221; title_align=&#8221;separator_align_left&#8221; align=&#8221;align_left&#8221; color=&#8221;custom&#8221; add_icon=&#8221;true&#8221; accent_color=&#8221;#bc8f8f&#8221; i_custom_color=&#8221;#bc8f8f&#8221;][vc_column_text]<div class=\"images\">\n\t<meta itemprop=\"image\" content=\"https:\/\/www.magnumviaggistudio.it\/wp-content\/uploads\/2021\/01\/IMG_0264.jpg\"\/><a href=\"https:\/\/www.magnumviaggistudio.it\/wp-content\/uploads\/2021\/01\/IMG_0264.jpg\" itemprop=\"image\" class=\"woocommerce-main-image swipebox\" title=\"\"><img decoding=\"async\" width=\"749\" height=\"562\" src=\"https:\/\/www.magnumviaggistudio.it\/wp-content\/uploads\/2021\/01\/IMG_0264.jpg\" class=\"attachment-full size-full wp-post-image\" alt=\"\" title=\"IMG_0264\" srcset=\"https:\/\/www.magnumviaggistudio.it\/wp-content\/uploads\/2021\/01\/IMG_0264.jpg 749w, https:\/\/www.magnumviaggistudio.it\/wp-content\/uploads\/2021\/01\/IMG_0264-300x225.jpg 300w, https:\/\/www.magnumviaggistudio.it\/wp-content\/uploads\/2021\/01\/IMG_0264-600x450.jpg 600w\" sizes=\"(max-width: 749px) 100vw, 749px\" \/><\/a>\n\t<\/div>\n[\/vc_column_text][\/vc_column][\/vc_row]<\/p>\n","protected":false},"excerpt":{"rendered":"<p>A short winter city break to experience Christmas Shopping in <strong>Rome<\/strong>.<\/p>\n","protected":false},"featured_media":3031,"template":"","meta":[],"product_cat":[131],"product_tag":[],"aioseo_notices":[],"tiered_pricing_type":"fixed","tiered_pricing_fixed_rules":[],"_links":{"self":[{"href":"https:\/\/www.magnumviaggistudio.it\/en\/wp-json\/wp\/v2\/product\/2986"}],"collection":[{"href":"https:\/\/www.magnumviaggistudio.it\/en\/wp-json\/wp\/v2\/product"}],"about":[{"href":"https:\/\/www.magnumviaggistudio.it\/en\/wp-json\/wp\/v2\/types\/product"}],"wp:featuredmedia":[{"embeddable":true,"href":"https:\/\/www.magnumviaggistudio.it\/en\/wp-json\/wp\/v2\/media\/3031"}],"wp:attachment":[{"href":"https:\/\/www.magnumviaggistudio.it\/en\/wp-json\/wp\/v2\/media?parent=2986"}],"wp:term":[{"taxonomy":"product_cat","embeddable":true,"href":"https:\/\/www.magnumviaggistudio.it\/en\/wp-json\/wp\/v2\/product_cat?post=2986"},{"taxonomy":"product_tag","embeddable":true,"href":"https:\/\/www.magnumviaggistudio.it\/en\/wp-json\/wp\/v2\/product_tag?post=2986"}],"curies":[{"name":"wp","href":"https:\/\/api.w.org\/{rel}","templated":true}]}}